{"id":4949,"date":"2018-09-14T06:09:20","date_gmt":"2018-09-14T05:09:20","guid":{"rendered":"https:\/\/feelmw.com\/europa-2\/"},"modified":"2023-10-25T15:04:24","modified_gmt":"2023-10-25T14:04:24","slug":"equipo-my-way","status":"publish","type":"page","link":"https:\/\/feelmw.com\/es\/equipo-my-way\/","title":{"rendered":"Equipo My Way"},"content":{"rendered":"<div class=\"wpb-content-wrapper\"><p>[vc_row full_width=\u00bbstretch_row_content\u00bb content_placement=\u00bbmiddle\u00bb background_color=\u00bbcustom\u00bb lg_spacing=\u00bbpadding_top:150;padding_bottom:50&#8243;][vc_column offset=\u00bbvc_col-md-6&#8243;][vc_row_inner content_alignment=\u00bbright\u00bb sm_content_alignment=\u00bbcenter\u00bb max_width=\u00bb600px\u00bb lg_spacing=\u00bbpadding_right:80&#8243; md_spacing=\u00bbpadding_right:15&#8243; sm_spacing=\u00bbpadding_right:0&#8243;][vc_column_inner][tm_heading custom_google_font=\u00bb\u00bb text=\u00bbY todo empez\u00f3 con los sue\u00f1os\u2026\u00bb font_size=\u00bbsm:36;md:42;lg:45&#8243; line_height=\u00bb1.25&#8243;][tm_spacer size=\u00bblg:20&#8243;][tm_heading tag=\u00bbdiv\u00bb custom_google_font=\u00bb\u00bb el_class=\u00bbcomillas\u00bb text=\u00bbQue mientras los y las j\u00f3venes disfrutan de la experiencia se sientan libres de ser y expresarse tal y como son. As\u00ed poder desafiarse y, c\u00f3mo no, en equipo para que el impacto sea mayor.\u00bb][\/vc_column_inner][\/vc_row_inner][\/vc_column][vc_column offset=\u00bbvc_col-md-6&#8243;][\/vc_column][\/vc_row][vc_row full_width=\u00bbstretch_row\u00bb content_placement=\u00bbmiddle\u00bb custom_border_color=\u00bb#ffffff\u00bb background_color=\u00bbcustom\u00bb][vc_column width=\u00bb1\/4&#8243; xs_spacing=\u00bbpadding_left:25&#8243;][tm_image image=\u00bb4981&#8243;][\/vc_column][vc_column width=\u00bb1\/4&#8243; custom_border_color=\u00bb#ffffff\u00bb background_color=\u00bbcustom\u00bb custom_background_color=\u00bb#2cb6b8&#8243; xs_spacing=\u00bbborder_right:25;border_left:25;padding_top:25;padding_bottom:25&#8243;][tm_heading custom_google_font=\u00bb\u00bb text=\u00bbLa ambici\u00f3n de Marta por descubrir el mundo y sus culturas.\u00bb font_size=\u00bblg:27&#8243; line_height=\u00bb1.35&#8243; css=\u00bb.vc_custom_1547488726155{margin-right: 5px !important;margin-left: 5px !important;}\u00bb][\/vc_column][vc_column width=\u00bb1\/4&#8243; xs_spacing=\u00bbpadding_left:25&#8243;][tm_image image=\u00bb5505&#8243;][\/vc_column][vc_column width=\u00bb1\/4&#8243; custom_border_color=\u00bb#ffffff\u00bb background_color=\u00bbcustom\u00bb custom_background_color=\u00bb#e7cb33&#8243; xs_spacing=\u00bbborder_right:25;border_left:25;padding_top:25;padding_bottom:25&#8243;][tm_heading custom_google_font=\u00bb\u00bb text=\u00bbLa inquietud de Aintzane por cambiar la educaci\u00f3n y no aburrirse cuando fuese mayor.\u00bb font_size=\u00bblg:27&#8243; line_height=\u00bb1.35&#8243;][\/vc_column][\/vc_row][vc_row full_width=\u00bbstretch_row\u00bb content_placement=\u00bbmiddle\u00bb custom_border_color=\u00bb#ffffff\u00bb background_color=\u00bbcustom\u00bb][vc_column width=\u00bb1\/4&#8243; custom_border_color=\u00bb#ffffff\u00bb offset=\u00bbvc_hidden-lg vc_hidden-md vc_hidden-sm\u00bb xs_spacing=\u00bbpadding_left:25&#8243;][tm_image image=\u00bb4986&#8243;][\/vc_column][vc_column width=\u00bb1\/4&#8243; custom_border_color=\u00bb#ffffff\u00bb background_color=\u00bbcustom\u00bb offset=\u00bbvc_hidden-lg vc_hidden-md vc_hidden-sm\u00bb custom_background_color=\u00bb#2cb6b8&#8243; xs_spacing=\u00bbborder_right:25;border_left:25;padding_top:25;padding_bottom:25&#8243;][tm_heading custom_google_font=\u00bb\u00bb text=\u00bbLa intuici\u00f3n innata de Nora de poder crear m\u00e9todos de aprendizaje basados en el juego.\u00bb font_size=\u00bblg:27&#8243; line_height=\u00bb1.35&#8243;][\/vc_column][vc_column width=\u00bb1\/4&#8243; offset=\u00bbvc_hidden-lg vc_hidden-md vc_hidden-sm\u00bb xs_spacing=\u00bbpadding_left:25&#8243;][tm_image image=\u00bb4987&#8243;][\/vc_column][vc_column width=\u00bb1\/4&#8243; custom_border_color=\u00bb#ffffff\u00bb background_color=\u00bbcustom\u00bb offset=\u00bbvc_hidden-lg vc_hidden-md vc_hidden-sm\u00bb custom_background_color=\u00bb#e7cb33&#8243; xs_spacing=\u00bbborder_right:25;border_left:25;padding_top:25;padding_bottom:25&#8243;][tm_heading custom_google_font=\u00bb\u00bb text=\u00bbLa perseverancia de Xuban por crear una empresa donde poder hacer lo que realmente le gusta y nunca tener que trabajar.\u00bb font_size=\u00bblg:27&#8243; line_height=\u00bb1.35&#8243;][\/vc_column][\/vc_row][vc_row full_width=\u00bbstretch_row_content\u00bb background_color=\u00bbcustom\u00bb custom_background_color=\u00bb#ffffff\u00bb gutter=\u00bbxs:0;sm:0&#8243;][vc_column offset=\u00bbvc_hidden-xs\u00bb][tm_spacer size=\u00bblg:15&#8243;][\/vc_column][\/vc_row][vc_row full_width=\u00bbstretch_row\u00bb content_placement=\u00bbmiddle\u00bb background_color=\u00bbcustom\u00bb lg_spacing=\u00bbpadding_bottom:80&#8243;][vc_column width=\u00bb1\/4&#8243; custom_border_color=\u00bb#ffffff\u00bb background_color=\u00bbcustom\u00bb offset=\u00bbvc_hidden-xs\u00bb custom_background_color=\u00bb#eb6422&#8243; xs_spacing=\u00bbborder_right:25;border_left:25;padding_top:25;padding_bottom:25&#8243;][tm_heading custom_google_font=\u00bb\u00bb text=\u00bbLa intuici\u00f3n innata de Nora de poder crear m\u00e9todos de aprendizaje basados en el juego.\u00bb font_size=\u00bblg:27&#8243; line_height=\u00bb1.35&#8243;][\/vc_column][vc_column width=\u00bb1\/4&#8243; background_color=\u00bbcustom\u00bb xs_spacing=\u00bbpadding_left:25&#8243; offset=\u00bbvc_hidden-xs\u00bb][tm_image image=\u00bb4986&#8243;][\/vc_column][vc_column width=\u00bb1\/4&#8243; background_color=\u00bbcustom\u00bb offset=\u00bbvc_hidden-xs\u00bb custom_background_color=\u00bb#efefef\u00bb xs_spacing=\u00bbborder_right:25;border_left:25&#8243;][tm_heading custom_google_font=\u00bb\u00bb text=\u00bbLa perseverancia de Xuban por crear una empresa donde poder hacer lo que realmente le gusta y nunca tener que trabajar.\u00bb font_size=\u00bblg:27&#8243; line_height=\u00bb1.35&#8243;][\/vc_column][vc_column width=\u00bb1\/4&#8243; xs_spacing=\u00bbpadding_left:25&#8243; offset=\u00bbvc_hidden-xs\u00bb][tm_image image=\u00bb4987&#8243;][\/vc_column][\/vc_row][vc_row full_width=\u00bbstretch_row_content_no_spaces\u00bb content_placement=\u00bbmiddle\u00bb background_color=\u00bbcustom\u00bb hide_background_image=\u00bbsm\u00bb background_size=\u00bbcontain\u00bb lg_spacing=\u00bbpadding_top:80;padding_bottom:80&#8243; custom_background_color=\u00bb#2cb6b8&#8243; background_image=\u00bb5426&#8243; background_position=\u00bbright\u00bb][vc_column offset=\u00bbvc_col-md-6&#8243;][vc_row_inner content_alignment=\u00bbright\u00bb sm_content_alignment=\u00bbcenter\u00bb max_width=\u00bb600px\u00bb lg_spacing=\u00bbpadding_right:80&#8243; md_spacing=\u00bbpadding_right:15&#8243; sm_spacing=\u00bbpadding_right:0&#8243;][vc_column_inner][tm_heading custom_google_font=\u00bb\u00bb text=\u00bbY s\u00ed, somos j\u00f3venes, pero hemos estado en medio mundo.\u00bb font_size=\u00bbsm:36;md:42;lg:45&#8243; line_height=\u00bb1.25&#8243;][tm_spacer size=\u00bblg:20&#8243;][tm_heading tag=\u00bbdiv\u00bb custom_google_font=\u00bb\u00bb text=\u00bbLlevamos desde 2015 emprendiendo en equipo, aprendiendo de la experiencia, enfrent\u00e1ndonos a retos de la vida real. Pero sobre todo y literalmente, meti\u00e9ndonos en todos los fregados.\u00bb][tm_spacer size=\u00bblg:30&#8243;][tm_heading tag=\u00bbdiv\u00bb custom_google_font=\u00bb\u00bb text=\u00bbM\u00c1S DE 50 PA\u00cdSES. MILES DE EXPERIENCIAS VIVIDAS.<br \/>\n4 AVENTUREROS\/AS. 4 SUE\u00d1OS. 1 MISI\u00d3N.\u00bb][\/vc_column_inner][\/vc_row_inner][\/vc_column][vc_column offset=\u00bbvc_col-md-6&#8243;][\/vc_column][\/vc_row][vc_row full_width=\u00bbstretch_row_content\u00bb content_placement=\u00bbmiddle\u00bb background_color=\u00bbcustom\u00bb lg_spacing=\u00bbpadding_top:80;padding_bottom:80&#8243;][vc_column offset=\u00bbvc_col-md-6&#8243;][vc_row_inner content_alignment=\u00bbright\u00bb sm_content_alignment=\u00bbcenter\u00bb max_width=\u00bb600px\u00bb lg_spacing=\u00bbpadding_right:80&#8243; md_spacing=\u00bbpadding_right:15&#8243; sm_spacing=\u00bbpadding_right:0&#8243;][vc_column_inner][tm_heading style=\u00bbhighlight-02&#8243; custom_google_font=\u00bb\u00bb text=\u00bb\u00bfNuestra <mark>misi\u00f3n<\/mark>? Crear experiencias atractivas para que los y las j\u00f3venes experimenten y descubran su talento.\u00bb font_size=\u00bbsm:36;md:42;lg:45&#8243; line_height=\u00bb1.25&#8243;][tm_spacer size=\u00bblg:20&#8243;][tm_heading tag=\u00bbdiv\u00bb custom_google_font=\u00bb\u00bb text=\u00bbPor ello, en vez de crear viajes como una agencia convencional y despu\u00e9s a\u00f1adir ingredientes culturales o sociales, nos centramos en sus necesidades e inquietudes para elaborar programas basados en su desarrollo.\u00bb][\/vc_column_inner][\/vc_row_inner][\/vc_column][vc_column offset=\u00bbvc_col-md-6&#8243;][tm_image image=\u00bb5531&#8243;][\/vc_column][\/vc_row]<\/p>\n<\/div>","protected":false},"excerpt":{"rendered":"<p>[vc_row full_width=\u00bbstretch_row_content\u00bb content_placement=\u00bbmiddle\u00bb background_color=\u00bbcustom\u00bb lg_spacing=\u00bbpadding_top:150;padding_bottom:50&#8243;][vc_column offset=\u00bbvc_col-md-6&#8243;][vc_row_inner content_alignment=\u00bbright\u00bb sm_content_alignment=\u00bbcenter\u00bb max_width=\u00bb600px\u00bb lg_spacing=\u00bbpadding_right:80&#8243; md_spacing=\u00bbpadding_right:15&#8243; sm_spacing=\u00bbpadding_right:0&#8243;][vc_column_inner][tm_heading custom_google_font=\u00bb\u00bb text=\u00bbY todo empez\u00f3 con los sue\u00f1os\u2026\u00bb font_size=\u00bbsm:36;md:42;lg:45&#8243; line_height=\u00bb1.25&#8243;][tm_spacer size=\u00bblg:20&#8243;][tm_heading tag=\u00bbdiv\u00bb custom_google_font=\u00bb\u00bb el_class=\u00bbcomillas\u00bb text=\u00bbQue mientras los y las j\u00f3venes disfrutan de la experiencia se sientan libres de ser y expresarse tal y como son. As\u00ed poder desafiarse y, c\u00f3mo no, en equipo para que el impacto sea mayor.\u00bb][\/vc_column_inner][\/vc_row_inner][\/vc_column][vc_column offset=\u00bbvc_col-md-6&#8243;][\/vc_column][\/vc_row][vc_row full_width=\u00bbstretch_row\u00bb content_placement=\u00bbmiddle\u00bb custom_border_color=\u00bb#ffffff\u00bb background_color=\u00bbcustom\u00bb][vc_column width=\u00bb1\/4&#8243; xs_spacing=\u00bbpadding_left:25&#8243;][tm_image image=\u00bb4981&#8243;][\/vc_column][vc_column width=\u00bb1\/4&#8243; custom_border_color=\u00bb#ffffff\u00bb background_color=\u00bbcustom\u00bb custom_background_color=\u00bb#2cb6b8&#8243; xs_spacing=\u00bbborder_right:25;border_left:25;padding_top:25;padding_bottom:25&#8243;][tm_heading custom_google_font=\u00bb\u00bb text=\u00bbLa ambici\u00f3n de Marta por descubrir el mundo y sus culturas.\u00bb font_size=\u00bblg:27&#8243; line_height=\u00bb1.35&#8243; css=\u00bb.vc_custom_1547488726155{margin-right: 5px !important;margin-left: 5px !important;}\u00bb][\/vc_column][vc_column width=\u00bb1\/4&#8243; xs_spacing=\u00bbpadding_left:25&#8243;][tm_image image=\u00bb5505&#8243;][\/vc_column][vc_column width=\u00bb1\/4&#8243; custom_border_color=\u00bb#ffffff\u00bb background_color=\u00bbcustom\u00bb custom_background_color=\u00bb#e7cb33&#8243; xs_spacing=\u00bbborder_right:25;border_left:25;padding_top:25;padding_bottom:25&#8243;][tm_heading custom_google_font=\u00bb\u00bb text=\u00bbLa inquietud de Aintzane por cambiar la educaci\u00f3n y no aburrirse cuando fuese mayor.\u00bb font_size=\u00bblg:27&#8243; line_height=\u00bb1.35&#8243;][\/vc_column][\/vc_row][vc_row full_width=\u00bbstretch_row\u00bb content_placement=\u00bbmiddle\u00bb custom_border_color=\u00bb#ffffff\u00bb background_color=\u00bbcustom\u00bb][vc_column width=\u00bb1\/4&#8243; custom_border_color=\u00bb#ffffff\u00bb offset=\u00bbvc_hidden-lg vc_hidden-md vc_hidden-sm\u00bb xs_spacing=\u00bbpadding_left:25&#8243;][tm_image image=\u00bb4986&#8243;][\/vc_column][vc_column width=\u00bb1\/4&#8243; custom_border_color=\u00bb#ffffff\u00bb background_color=\u00bbcustom\u00bb offset=\u00bbvc_hidden-lg vc_hidden-md vc_hidden-sm\u00bb custom_background_color=\u00bb#2cb6b8&#8243; xs_spacing=\u00bbborder_right:25;border_left:25;padding_top:25;padding_bottom:25&#8243;][tm_heading custom_google_font=\u00bb\u00bb text=\u00bbLa intuici\u00f3n innata de Nora de poder crear m\u00e9todos de aprendizaje basados en el juego.\u00bb font_size=\u00bblg:27&#8243; line_height=\u00bb1.35&#8243;][\/vc_column][vc_column width=\u00bb1\/4&#8243; offset=\u00bbvc_hidden-lg vc_hidden-md vc_hidden-sm\u00bb xs_spacing=\u00bbpadding_left:25&#8243;][tm_image image=\u00bb4987&#8243;][\/vc_column][vc_column width=\u00bb1\/4&#8243; custom_border_color=\u00bb#ffffff\u00bb background_color=\u00bbcustom\u00bb offset=\u00bbvc_hidden-lg vc_hidden-md vc_hidden-sm\u00bb custom_background_color=\u00bb#e7cb33&#8243; xs_spacing=\u00bbborder_right:25;border_left:25;padding_top:25;padding_bottom:25&#8243;][tm_heading custom_google_font=\u00bb\u00bb text=\u00bbLa perseverancia de Xuban por crear una empresa donde poder hacer lo que realmente le gusta y nunca tener que trabajar.\u00bb font_size=\u00bblg:27&#8243; line_height=\u00bb1.35&#8243;][\/vc_column][\/vc_row][vc_row full_width=\u00bbstretch_row_content\u00bb background_color=\u00bbcustom\u00bb custom_background_color=\u00bb#ffffff\u00bb gutter=\u00bbxs:0;sm:0&#8243;][vc_column offset=\u00bbvc_hidden-xs\u00bb][tm_spacer size=\u00bblg:15&#8243;][\/vc_column][\/vc_row][vc_row full_width=\u00bbstretch_row\u00bb content_placement=\u00bbmiddle\u00bb background_color=\u00bbcustom\u00bb lg_spacing=\u00bbpadding_bottom:80&#8243;][vc_column width=\u00bb1\/4&#8243; custom_border_color=\u00bb#ffffff\u00bb background_color=\u00bbcustom\u00bb offset=\u00bbvc_hidden-xs\u00bb custom_background_color=\u00bb#eb6422&#8243; xs_spacing=\u00bbborder_right:25;border_left:25;padding_top:25;padding_bottom:25&#8243;][tm_heading custom_google_font=\u00bb\u00bb text=\u00bbLa intuici\u00f3n innata de Nora de poder crear m\u00e9todos de aprendizaje basados en el juego.\u00bb font_size=\u00bblg:27&#8243; line_height=\u00bb1.35&#8243;][\/vc_column][vc_column width=\u00bb1\/4&#8243; background_color=\u00bbcustom\u00bb xs_spacing=\u00bbpadding_left:25&#8243; offset=\u00bbvc_hidden-xs\u00bb][tm_image image=\u00bb4986&#8243;][\/vc_column][vc_column width=\u00bb1\/4&#8243; background_color=\u00bbcustom\u00bb offset=\u00bbvc_hidden-xs\u00bb custom_background_color=\u00bb#efefef\u00bb xs_spacing=\u00bbborder_right:25;border_left:25&#8243;][tm_heading custom_google_font=\u00bb\u00bb text=\u00bbLa perseverancia de Xuban por crear una empresa donde poder hacer lo que realmente le gusta y nunca tener que trabajar.\u00bb font_size=\u00bblg:27&#8243; line_height=\u00bb1.35&#8243;][\/vc_column][vc_column width=\u00bb1\/4&#8243; xs_spacing=\u00bbpadding_left:25&#8243; offset=\u00bbvc_hidden-xs\u00bb][tm_image image=\u00bb4987&#8243;][\/vc_column][\/vc_row][vc_row full_width=\u00bbstretch_row_content_no_spaces\u00bb content_placement=\u00bbmiddle\u00bb background_color=\u00bbcustom\u00bb hide_background_image=\u00bbsm\u00bb background_size=\u00bbcontain\u00bb lg_spacing=\u00bbpadding_top:80;padding_bottom:80&#8243; custom_background_color=\u00bb#2cb6b8&#8243; background_image=\u00bb5426&#8243; background_position=\u00bbright\u00bb][vc_column offset=\u00bbvc_col-md-6&#8243;][vc_row_inner content_alignment=\u00bbright\u00bb sm_content_alignment=\u00bbcenter\u00bb max_width=\u00bb600px\u00bb lg_spacing=\u00bbpadding_right:80&#8243; md_spacing=\u00bbpadding_right:15&#8243; sm_spacing=\u00bbpadding_right:0&#8243;][vc_column_inner][tm_heading custom_google_font=\u00bb\u00bb text=\u00bbY s\u00ed, somos j\u00f3venes, pero hemos estado en medio mundo.\u00bb font_size=\u00bbsm:36;md:42;lg:45&#8243; line_height=\u00bb1.25&#8243;][tm_spacer size=\u00bblg:20&#8243;][tm_heading tag=\u00bbdiv\u00bb custom_google_font=\u00bb\u00bb text=\u00bbLlevamos desde 2015 emprendiendo en equipo, aprendiendo de la experiencia, enfrent\u00e1ndonos a retos de la vida real. Pero sobre todo y literalmente, meti\u00e9ndonos en todos los fregados.\u00bb][tm_spacer size=\u00bblg:30&#8243;][tm_heading tag=\u00bbdiv\u00bb custom_google_font=\u00bb\u00bb text=\u00bbM\u00c1S DE 50 PA\u00cdSES. MILES DE EXPERIENCIAS VIVIDAS. 4 AVENTUREROS\/AS. 4 SUE\u00d1OS. 1 MISI\u00d3N.\u00bb][\/vc_column_inner][\/vc_row_inner][\/vc_column][vc_column offset=\u00bbvc_col-md-6&#8243;][\/vc_column][\/vc_row][vc_row full_width=\u00bbstretch_row_content\u00bb content_placement=\u00bbmiddle\u00bb background_color=\u00bbcustom\u00bb lg_spacing=\u00bbpadding_top:80;padding_bottom:80&#8243;][vc_column offset=\u00bbvc_col-md-6&#8243;][vc_row_inner content_alignment=\u00bbright\u00bb sm_content_alignment=\u00bbcenter\u00bb max_width=\u00bb600px\u00bb lg_spacing=\u00bbpadding_right:80&#8243; md_spacing=\u00bbpadding_right:15&#8243; sm_spacing=\u00bbpadding_right:0&#8243;][vc_column_inner][tm_heading style=\u00bbhighlight-02&#8243; custom_google_font=\u00bb\u00bb text=\u00bb\u00bfNuestra misi\u00f3n? Crear experiencias atractivas para que los y las j\u00f3venes experimenten y descubran su talento.\u00bb font_size=\u00bbsm:36;md:42;lg:45&#8243; line_height=\u00bb1.25&#8243;][tm_spacer size=\u00bblg:20&#8243;][tm_heading tag=\u00bbdiv\u00bb custom_google_font=\u00bb\u00bb text=\u00bbPor ello, en vez de crear viajes como una agencia convencional y despu\u00e9s a\u00f1adir ingredientes culturales o sociales, nos centramos en sus necesidades e inquietudes para elaborar programas basados en su desarrollo.\u00bb][\/vc_column_inner][\/vc_row_inner][\/vc_column][vc_column offset=\u00bbvc_col-md-6&#8243;][tm_image image=\u00bb5531&#8243;][\/vc_column][\/vc_row]<\/p>\n","protected":false},"author":1,"featured_media":0,"parent":0,"menu_order":0,"comment_status":"closed","ping_status":"closed","template":"","meta":{"_acf_changed":false,"footnotes":""},"class_list":["post-4949","page","type-page","status-publish","hentry","post-no-thumbnail"],"acf":[],"_links":{"self":[{"href":"https:\/\/feelmw.com\/es\/wp-json\/wp\/v2\/pages\/4949","targetHints":{"allow":["GET"]}}],"collection":[{"href":"https:\/\/feelmw.com\/es\/wp-json\/wp\/v2\/pages"}],"about":[{"href":"https:\/\/feelmw.com\/es\/wp-json\/wp\/v2\/types\/page"}],"author":[{"embeddable":true,"href":"https:\/\/feelmw.com\/es\/wp-json\/wp\/v2\/users\/1"}],"replies":[{"embeddable":true,"href":"https:\/\/feelmw.com\/es\/wp-json\/wp\/v2\/comments?post=4949"}],"version-history":[{"count":139,"href":"https:\/\/feelmw.com\/es\/wp-json\/wp\/v2\/pages\/4949\/revisions"}],"predecessor-version":[{"id":16556,"href":"https:\/\/feelmw.com\/es\/wp-json\/wp\/v2\/pages\/4949\/revisions\/16556"}],"wp:attachment":[{"href":"https:\/\/feelmw.com\/es\/wp-json\/wp\/v2\/media?parent=4949"}],"curies":[{"name":"wp","href":"https:\/\/api.w.org\/{rel}","templated":true}]}}