{"id":15804,"date":"2018-09-14T06:09:20","date_gmt":"2018-09-14T05:09:20","guid":{"rendered":"https:\/\/feelmw.com\/zuk-zeuk-4\/"},"modified":"2023-12-14T11:36:32","modified_gmt":"2023-12-14T10:36:32","slug":"zuk-zeuk-2023-2024","status":"publish","type":"page","link":"https:\/\/feelmw.com\/es\/zuk-zeuk-2023-2024\/","title":{"rendered":"Zuk Zeuk 2023-2024"},"content":{"rendered":"<div class=\"wpb-content-wrapper\"><p>[vc_row full_width=\u00bbstretch_row\u00bb disable_element=\u00bbyes\u00bb background_color=\u00bbcustom\u00bb lg_spacing=\u00bbpadding_top:150&#8243;][vc_column][tm_heading style=\u00bbhighlight-03&#8243; tag=\u00bbh4&#8243; custom_google_font=\u00bb\u00bb align=\u00bbcenter\u00bb text=\u00bb<mark>Viajes de fin de curso <\/mark> y <mark>Concurso Zuk Zeuk<\/mark>\u00bb font_size=\u00bbsm:36;md:42;lg:45&#8243; line_height=\u00bb1.25&#8243;][tm_spacer size=\u00bblg:40&#8243;][tm_heading tag=\u00bbdiv\u00bb custom_google_font=\u00bb\u00bb align=\u00bbcenter\u00bb text=\u00bbEn esta p\u00e1gina, aparece la informaci\u00f3n del a\u00f1o pasado. Si quieres recibir informaci\u00f3n de la edici\u00f3n de este a\u00f1o, \u00a1d\u00e9janos tu email y te contactaremos el d\u00eda del lanzamiento!\u00bb][tm_spacer size=\u00bblg:40&#8243;][\/vc_column][\/vc_row][vc_row full_width=\u00bbstretch_row_content\u00bb content_placement=\u00bbmiddle\u00bb disable_element=\u00bbyes\u00bb lg_spacing=\u00bbpadding_bottom:90&#8243;][vc_column offset=\u00bbvc_col-md-6&#8243;][vc_row_inner content_alignment=\u00bbright\u00bb sm_content_alignment=\u00bbcenter\u00bb max_width=\u00bb600px\u00bb lg_spacing=\u00bbpadding_right:80&#8243; md_spacing=\u00bbpadding_right:15&#8243; sm_spacing=\u00bbpadding_right:0&#8243;][vc_column_inner][tm_heading style=\u00bbhighlight-03&#8243; tag=\u00bbh4&#8243; custom_google_font=\u00bb\u00bb text=\u00bbLanzamiento del curso 2021-2022&#8243; font_size=\u00bbsm:36;md:42;lg:45&#8243; line_height=\u00bb1.25&#8243;][tm_spacer size=\u00bblg:40&#8243;][\/vc_column_inner][\/vc_row_inner][tm_countdown style=\u00bb02&#8243; skin=\u00bbcustom\u00bb align=\u00bbcenter\u00bb datetime=\u00bb2021\/10\/05 12:00&#8243; days=\u00bbD\u00edas\u00bb hours=\u00bbHoras\u00bb minutes=\u00bbMinutos\u00bb seconds=\u00bbSegundos\u00bb][\/vc_column][vc_column offset=\u00bbvc_col-md-6&#8243;][vc_row_inner content_alignment=\u00bbright\u00bb sm_content_alignment=\u00bbright\u00bb background_color=\u00bbcustom\u00bb max_width=\u00bb600px\u00bb lg_spacing=\u00bbpadding_right:80&#8243; md_spacing=\u00bbpadding_right:15&#8243; sm_spacing=\u00bbpadding_right:0&#8243; custom_background_color=\u00bb#ee763c\u00bb][vc_column_inner content_alignment=\u00bbcenter\u00bb][gravityform id=\u00bb43&#8243; title=\u00bbfalse\u00bb description=\u00bbfalse\u00bb ajax=\u00bbfalse\u00bb][tm_spacer size=\u00bblg:40&#8243;][\/vc_column_inner][\/vc_row_inner][\/vc_column][\/vc_row][vc_row full_width=\u00bbstretch_row_content\u00bb content_placement=\u00bbmiddle\u00bb background_color=\u00bbcustom\u00bb lg_spacing=\u00bbpadding_top:80&#8243;][vc_column offset=\u00bbvc_col-md-6&#8243;][vc_row_inner content_alignment=\u00bbright\u00bb sm_content_alignment=\u00bbcenter\u00bb max_width=\u00bb600px\u00bb lg_spacing=\u00bbpadding_right:80&#8243; md_spacing=\u00bbpadding_right:15&#8243; sm_spacing=\u00bbpadding_right:0&#8243;][vc_column_inner][tm_heading custom_google_font=\u00bb\u00bb el_class=\u00bbcomillas\u00bb text=\u00bbConcurso Zuk Zeuk\u00bb font_size=\u00bbsm:36;md:42;lg:45&#8243; line_height=\u00bb1.25&#8243;][tm_spacer size=\u00bblg:20&#8243;][tm_heading tag=\u00bbdiv\u00bb custom_google_font=\u00bb\u00bb text=\u00bb500 J\u00d3VENES. 4 M\u00d3DULOS. 12.000\u20ac EN PREMIOS.\u00bb line_height=\u00bb1.25&#8243;][\/vc_column_inner][\/vc_row_inner][\/vc_column][vc_column offset=\u00bbvc_col-md-6&#8243;][tm_image image=\u00bb10471&#8243;][tm_spacer size=\u00bblg:30&#8243;][\/vc_column][\/vc_row][vc_row full_width=\u00bbstretch_row\u00bb background_color=\u00bbcustom\u00bb background_size=\u00bbcontain\u00bb lg_spacing=\u00bbpadding_bottom:80&#8243; background_image=\u00bb7078&#8243;][vc_column offset=\u00bbvc_col-md-6&#8243;][vc_video link=\u00bbhttps:\/\/www.youtube.com\/watch?v=-xEmP7Ekbps\u00bb el_width=\u00bb70&#8243; el_aspect=\u00bb235&#8243; align=\u00bbcenter\u00bb css_animation=\u00bbfadeInLeft\u00bb][tm_spacer size=\u00bblg:10&#8243;][\/vc_column][vc_column background_color=\u00bbcustom\u00bb offset=\u00bbvc_col-md-6&#8243;][tm_heading tag=\u00bbdiv\u00bb custom_google_font=\u00bb\u00bb text=\u00bbUn concurso en donde <mark>500 estudiantes vascos de 3\u00ba y 4\u00ba E.S.O y 1\u00ba BACH <\/mark>, participan en grupos de 13 personas. <mark>La Liga<\/mark> tendr\u00e1 un formato blended: el concurso se realizar\u00e1 mediante una plataforma, y las actividades se har\u00e1n grupalmente de manera presencial.<br \/>\nPara finalizar el concurso, habr\u00e1 un <mark>Campamento de celebraci\u00f3n<\/mark>.<\/p>\n<p>De los <mark>12.000\u20ac que se repartir\u00e1n en premios<\/mark>, conseguir\u00e1n premio los primeros 30 equipos (si llegan al m\u00ednimo).\u00bb][tm_spacer size=\u00bblg:10&#8243;][\/vc_column][\/vc_row][vc_row full_width=\u00bbstretch_row\u00bb background_color=\u00bbcustom\u00bb custom_background_color=\u00bb#eeeeee\u00bb][vc_column][vc_row_inner][vc_column_inner width=\u00bb5\/6&#8243; lg_spacing=\u00bbpadding_right:15;padding_left:15&#8243;][tm_spacer size=\u00bblg:80&#8243;][tm_heading style=\u00bbhighlight\u00bb custom_google_font=\u00bb\u00bb text=\u00bbEstos equipos ya han vivido la experiencia. \u00a1T\u00fa puedes ser el siguiente!\u00bb font_size=\u00bbsm:36;md:42;lg:45&#8243; line_height=\u00bb1.25&#8243;][\/vc_column_inner][vc_column_inner width=\u00bb1\/6&#8243;][\/vc_column_inner][\/vc_row_inner][\/vc_column][\/vc_row][vc_row full_width=\u00bbstretch_row_content_no_spaces\u00bb background_color=\u00bbcustom\u00bb custom_background_color=\u00bb#eeeeee\u00bb][vc_column][tm_spacer size=\u00bblg:80&#8243;][vc_row_inner][vc_column_inner lg_spacing=\u00bbpadding_right:15;padding_left:15&#8243;][tm_slider_gallery shadow=\u00bbbig-shadow\u00bb image_size=\u00bbfull\u00bb nav=\u00bb03&#8243; pagination=\u00bb02&#8243; gutter=\u00bb40&#8243; images=\u00bb10774,10772,10770,10768,10766,10764,10762,10760,10758,10756,10754,12413,12415,12417,12419,12421,12423,12425,12427,12429,12431,12433,12435,12437,12439,12441,12443&#8243; items_display=\u00bbxs:1;sm:2;md:3;lg:4&#8243; auto_play=\u00bb3000&#8243;][\/vc_column_inner][\/vc_row_inner][tm_spacer size=\u00bblg:83&#8243;][\/vc_column][\/vc_row][vc_row full_width=\u00bbstretch_row_content\u00bb content_placement=\u00bbmiddle\u00bb height=\u00bbfull\u00bb lg_spacing=\u00bbpadding_top:90;padding_bottom:117&#8243; gutter=\u00bbxs:1&#8243;][vc_column width=\u00bb5\/6&#8243; offset=\u00bbvc_col-md-6&#8243;][vc_row_inner content_alignment=\u00bbright\u00bb sm_content_alignment=\u00bbcenter\u00bb max_width=\u00bb600px\u00bb lg_spacing=\u00bbpadding_right:80&#8243; md_spacing=\u00bbpadding_right:15&#8243; sm_spacing=\u00bbpadding_right:0&#8243;][vc_column_inner][tm_heading custom_google_font=\u00bb\u00bb text=\u00bbDe la boca de los participantes\u2026\u00bb font_size=\u00bbsm:36;md:42;lg:45&#8243; line_height=\u00bb1.25&#8243;][tm_spacer size=\u00bblg:83&#8243;][tm_testimonial style=\u00bbsimple-slider\u00bb el_class=\u00bbcomillas\u00bb number=\u00bb9&#8243; text_color=\u00bbcustom\u00bb custom_text_color=\u00bb#000000&#8243; name_color=\u00bbcustom\u00bb custom_name_color=\u00bb#000000&#8243; by_line_color=\u00bbcustom\u00bb custom_by_line_color=\u00bb#000000&#8243; auto_play=\u00bb5000&#8243; taxonomies=\u00bbtestimonial_category:zukzeuk-es\u00bb carousel_gutter=\u00bblg:30&#8243;][\/vc_column_inner][\/vc_row_inner][\/vc_column][vc_column width=\u00bb1\/12&#8243; offset=\u00bbvc_col-md-6&#8243;][tm_image full_wide=\u00bb1&#8243; image=\u00bb10489&#8243;][\/vc_column][\/vc_row][vc_row full_width=\u00bbstretch_row\u00bb background_color=\u00bbcustom\u00bb][vc_column][vc_row_inner][vc_column_inner lg_spacing=\u00bbpadding_right:15;padding_left:15&#8243;][tm_heading custom_google_font=\u00bb\u00bb text=\u00bbSe han sumado al concurso\u2026\u00bb font_size=\u00bbsm:36;md:42;lg:45&#8243; line_height=\u00bb1.25&#8243;][\/vc_column_inner][\/vc_row_inner][\/vc_column][\/vc_row][vc_row full_width=\u00bbstretch_row\u00bb disable_element=\u00bbyes\u00bb background_color=\u00bbcustom\u00bb][vc_column][vc_row_inner][vc_column_inner lg_spacing=\u00bbpadding_right:15;padding_left:15&#8243;][tm_client style=\u00bbgrid-no-border\u00bb gutter=\u00bb75&#8243; items=\u00bb%5B%7B%22image%22%3A%226097%22%2C%22link%22%3A%22url%3A%2523%7Ctitle%3AClient%2520Logo%252001%7C%7C%22%7D%2C%7B%22image%22%3A%226113%22%2C%22link%22%3A%22url%3A%2523%7Ctitle%3AClient%2520Logo%252006%7C%7C%22%7D%5D\u00bb columns=\u00bbxs:2;sm:2;md:2;lg:2&#8243;][tm_client gutter=\u00bb25&#8243; auto_play=\u00bb1000&#8243; items_display=\u00bbxs:2;sm:3;md:4;lg:5&#8243; items=\u00bb%5B%7B%22image%22%3A%2210397%22%2C%22link%22%3A%22Link%22%7D%2C%7B%22image%22%3A%226117%22%2C%22link%22%3A%22url%3A%2523%7Ctitle%3AClient%2520Logo%252006%7C%7C%22%7D%2C%7B%22image%22%3A%226111%22%2C%22link%22%3A%22url%3A%2523%7Ctitle%3AClient%2520Logo%252006%7C%7C%22%7D%2C%7B%22image%22%3A%226103%22%2C%22link%22%3A%22url%3A%2523%7Ctitle%3AClient%2520Logo%252006%7C%7C%22%7D%2C%7B%22image%22%3A%224301%22%2C%22link%22%3A%22url%3A%2523%7Ctitle%3AClient%2520Logo%252006%7C%7C%22%7D%2C%7B%22image%22%3A%224299%22%2C%22link%22%3A%22url%3A%2523%7Ctitle%3AClient%2520Logo%252006%7C%7C%22%7D%2C%7B%22image%22%3A%226121%22%2C%22link%22%3A%22url%3A%2523%7Ctitle%3AClient%2520Logo%252006%7C%7C%22%7D%2C%7B%22image%22%3A%226109%22%2C%22link%22%3A%22url%3A%2523%7Ctitle%3AClient%2520Logo%252004%7C%7C%22%7D%2C%7B%22image%22%3A%2210399%22%2C%22link%22%3A%22url%3A%2523%7Ctitle%3AClient%2520Logo%252006%7C%7C%22%7D%2C%7B%22image%22%3A%2210395%22%2C%22link%22%3A%22Link%22%7D%5D\u00bb][\/vc_column_inner][\/vc_row_inner][tm_spacer size=\u00bblg:100&#8243;][\/vc_column][\/vc_row][vc_row full_width=\u00bbstretch_row\u00bb background_color=\u00bbcustom\u00bb][vc_column][vc_row_inner][vc_column_inner lg_spacing=\u00bbpadding_right:15;padding_left:15&#8243;][tm_client style=\u00bbgrid-no-border\u00bb gutter=\u00bb75&#8243; items=\u00bb%5B%7B%22image%22%3A%2214160%22%2C%22link%22%3A%22url%3A%2523%7Ctitle%3AClient%2520Logo%252006%7C%7C%22%7D%2C%7B%22image%22%3A%2214158%22%2C%22link%22%3A%22url%3A%2523%7Ctitle%3AClient%2520Logo%252006%7C%7C%22%7D%2C%7B%22image%22%3A%2214156%22%2C%22link%22%3A%22url%3A%2523%7Ctitle%3AClient%2520Logo%252001%7C%7C%22%7D%5D\u00bb columns=\u00bbxs:2;sm:3;md:3;lg:3&#8243;][tm_client gutter=\u00bb25&#8243; auto_play=\u00bb1000&#8243; items_display=\u00bbxs:3;sm:4;md:4;lg:5&#8243; items=\u00bb%5B%7B%22image%22%3A%2210397%22%2C%22link%22%3A%22Link%22%7D%2C%7B%22image%22%3A%2214162%22%2C%22link%22%3A%22Link%22%7D%2C%7B%22image%22%3A%226117%22%2C%22link%22%3A%22url%3A%2523%7Ctitle%3AClient%2520Logo%252006%7C%7C%22%7D%2C%7B%22image%22%3A%226111%22%2C%22link%22%3A%22url%3A%2523%7Ctitle%3AClient%2520Logo%252006%7C%7C%22%7D%2C%7B%22image%22%3A%226103%22%2C%22link%22%3A%22url%3A%2523%7Ctitle%3AClient%2520Logo%252006%7C%7C%22%7D%2C%7B%22image%22%3A%224301%22%2C%22link%22%3A%22url%3A%2523%7Ctitle%3AClient%2520Logo%252006%7C%7C%22%7D%2C%7B%22image%22%3A%224299%22%2C%22link%22%3A%22url%3A%2523%7Ctitle%3AClient%2520Logo%252006%7C%7C%22%7D%2C%7B%22image%22%3A%226121%22%2C%22link%22%3A%22url%3A%2523%7Ctitle%3AClient%2520Logo%252006%7C%7C%22%7D%2C%7B%22image%22%3A%226109%22%2C%22link%22%3A%22url%3A%2523%7Ctitle%3AClient%2520Logo%252004%7C%7C%22%7D%2C%7B%22image%22%3A%2210399%22%2C%22link%22%3A%22url%3A%2523%7Ctitle%3AClient%2520Logo%252006%7C%7C%22%7D%2C%7B%22image%22%3A%2210395%22%2C%22link%22%3A%22Link%22%7D%2C%7B%22image%22%3A%2212166%22%2C%22link%22%3A%22Link%22%7D%2C%7B%22image%22%3A%2212170%22%2C%22link%22%3A%22Link%22%7D%2C%7B%22image%22%3A%2212172%22%2C%22link%22%3A%22Link%22%7D%2C%7B%22image%22%3A%2212174%22%2C%22link%22%3A%22Link%22%7D%2C%7B%22image%22%3A%2212176%22%2C%22link%22%3A%22Link%22%7D%2C%7B%22image%22%3A%2212178%22%2C%22link%22%3A%22Link%22%7D%2C%7B%22image%22%3A%2216367%22%2C%22link%22%3A%22Link%22%7D%5D\u00bb][\/vc_column_inner][\/vc_row_inner][tm_spacer size=\u00bblg:100&#8243;][\/vc_column][\/vc_row][vc_row full_width=\u00bbstretch_row_content_no_spaces\u00bb][vc_column][tm_slider_modern nav=\u00bbcustom\u00bb items_display=\u00bbxs:1;sm:2;md:2;lg:2&#8243; items=\u00bb%5B%7B%22background_image%22%3A%224672%22%2C%22title%22%3A%22M%C3%A1s%20info%22%2C%22button%22%3A%22url%3Ahttps%253A%252F%252Fwww.feelmw.com%252Fes%252Fzuk-zeuk-informacion-2023-2024%252F%7Ctitle%3AHaciendo%2520click%2520aqu%25C3%25AD%7Ctarget%3A%2520_blank%7C%22%7D%2C%7B%22background_image%22%3A%224674%22%2C%22title%22%3A%22Ap%C3%BAntate!!%22%2C%22button%22%3A%22url%3Ahttps%253A%252F%252Fwww.feelmw.com%252Fes%252Fzuk-zeuk-inscripcion-2023-2024%252F%7Ctitle%3A%25C2%25A1Vamos%2520a%2520por%2520todas!%7Ctarget%3A%2520_blank%7C%22%7D%5D\u00bb][\/vc_column][\/vc_row]<\/p>\n<\/div>","protected":false},"excerpt":{"rendered":"<p>[vc_row full_width=\u00bbstretch_row\u00bb disable_element=\u00bbyes\u00bb background_color=\u00bbcustom\u00bb lg_spacing=\u00bbpadding_top:150&#8243;][vc_column][tm_heading style=\u00bbhighlight-03&#8243; tag=\u00bbh4&#8243; custom_google_font=\u00bb\u00bb align=\u00bbcenter\u00bb text=\u00bbViajes de fin de curso y Concurso Zuk Zeuk\u00bb font_size=\u00bbsm:36;md:42;lg:45&#8243; line_height=\u00bb1.25&#8243;][tm_spacer size=\u00bblg:40&#8243;][tm_heading tag=\u00bbdiv\u00bb custom_google_font=\u00bb\u00bb align=\u00bbcenter\u00bb text=\u00bbEn esta p\u00e1gina, aparece la informaci\u00f3n del a\u00f1o pasado. Si quieres recibir informaci\u00f3n de la edici\u00f3n de este a\u00f1o, \u00a1d\u00e9janos tu email y te contactaremos el d\u00eda del lanzamiento!\u00bb][tm_spacer size=\u00bblg:40&#8243;][\/vc_column][\/vc_row][vc_row full_width=\u00bbstretch_row_content\u00bb content_placement=\u00bbmiddle\u00bb disable_element=\u00bbyes\u00bb lg_spacing=\u00bbpadding_bottom:90&#8243;][vc_column offset=\u00bbvc_col-md-6&#8243;][vc_row_inner content_alignment=\u00bbright\u00bb sm_content_alignment=\u00bbcenter\u00bb max_width=\u00bb600px\u00bb lg_spacing=\u00bbpadding_right:80&#8243; md_spacing=\u00bbpadding_right:15&#8243; sm_spacing=\u00bbpadding_right:0&#8243;][vc_column_inner][tm_heading style=\u00bbhighlight-03&#8243; tag=\u00bbh4&#8243; custom_google_font=\u00bb\u00bb text=\u00bbLanzamiento del curso 2021-2022&#8243; font_size=\u00bbsm:36;md:42;lg:45&#8243; line_height=\u00bb1.25&#8243;][tm_spacer size=\u00bblg:40&#8243;][\/vc_column_inner][\/vc_row_inner][tm_countdown style=\u00bb02&#8243; skin=\u00bbcustom\u00bb align=\u00bbcenter\u00bb datetime=\u00bb2021\/10\/05 12:00&#8243; days=\u00bbD\u00edas\u00bb hours=\u00bbHoras\u00bb minutes=\u00bbMinutos\u00bb seconds=\u00bbSegundos\u00bb][\/vc_column][vc_column offset=\u00bbvc_col-md-6&#8243;][vc_row_inner content_alignment=\u00bbright\u00bb sm_content_alignment=\u00bbright\u00bb background_color=\u00bbcustom\u00bb max_width=\u00bb600px\u00bb lg_spacing=\u00bbpadding_right:80&#8243; md_spacing=\u00bbpadding_right:15&#8243; sm_spacing=\u00bbpadding_right:0&#8243; custom_background_color=\u00bb#ee763c\u00bb][vc_column_inner content_alignment=\u00bbcenter\u00bb][gravityform id=\u00bb43&#8243; title=\u00bbfalse\u00bb description=\u00bbfalse\u00bb ajax=\u00bbfalse\u00bb][tm_spacer size=\u00bblg:40&#8243;][\/vc_column_inner][\/vc_row_inner][\/vc_column][\/vc_row][vc_row full_width=\u00bbstretch_row_content\u00bb content_placement=\u00bbmiddle\u00bb background_color=\u00bbcustom\u00bb lg_spacing=\u00bbpadding_top:80&#8243;][vc_column offset=\u00bbvc_col-md-6&#8243;][vc_row_inner content_alignment=\u00bbright\u00bb sm_content_alignment=\u00bbcenter\u00bb max_width=\u00bb600px\u00bb lg_spacing=\u00bbpadding_right:80&#8243; md_spacing=\u00bbpadding_right:15&#8243; sm_spacing=\u00bbpadding_right:0&#8243;][vc_column_inner][tm_heading custom_google_font=\u00bb\u00bb el_class=\u00bbcomillas\u00bb text=\u00bbConcurso Zuk Zeuk\u00bb font_size=\u00bbsm:36;md:42;lg:45&#8243; line_height=\u00bb1.25&#8243;][tm_spacer size=\u00bblg:20&#8243;][tm_heading tag=\u00bbdiv\u00bb custom_google_font=\u00bb\u00bb text=\u00bb500 J\u00d3VENES. 4 M\u00d3DULOS. 12.000\u20ac EN PREMIOS.\u00bb line_height=\u00bb1.25&#8243;][\/vc_column_inner][\/vc_row_inner][\/vc_column][vc_column offset=\u00bbvc_col-md-6&#8243;][tm_image image=\u00bb10471&#8243;][tm_spacer size=\u00bblg:30&#8243;][\/vc_column][\/vc_row][vc_row full_width=\u00bbstretch_row\u00bb background_color=\u00bbcustom\u00bb background_size=\u00bbcontain\u00bb lg_spacing=\u00bbpadding_bottom:80&#8243; background_image=\u00bb7078&#8243;][vc_column offset=\u00bbvc_col-md-6&#8243;][vc_video link=\u00bbhttps:\/\/www.youtube.com\/watch?v=-xEmP7Ekbps\u00bb el_width=\u00bb70&#8243; el_aspect=\u00bb235&#8243; align=\u00bbcenter\u00bb css_animation=\u00bbfadeInLeft\u00bb][tm_spacer size=\u00bblg:10&#8243;][\/vc_column][vc_column background_color=\u00bbcustom\u00bb offset=\u00bbvc_col-md-6&#8243;][tm_heading tag=\u00bbdiv\u00bb custom_google_font=\u00bb\u00bb text=\u00bbUn concurso en donde 500 estudiantes vascos de 3\u00ba y 4\u00ba E.S.O y 1\u00ba BACH , participan en grupos de 13 personas. La Liga tendr\u00e1 un formato blended: el concurso se realizar\u00e1 mediante una plataforma, y las actividades se har\u00e1n grupalmente de manera presencial. Para finalizar el concurso, habr\u00e1 un Campamento de celebraci\u00f3n. De los 12.000\u20ac que se repartir\u00e1n en premios, conseguir\u00e1n premio los primeros 30 equipos (si llegan al m\u00ednimo).\u00bb][tm_spacer size=\u00bblg:10&#8243;][\/vc_column][\/vc_row][vc_row full_width=\u00bbstretch_row\u00bb background_color=\u00bbcustom\u00bb custom_background_color=\u00bb#eeeeee\u00bb][vc_column][vc_row_inner][vc_column_inner width=\u00bb5\/6&#8243; lg_spacing=\u00bbpadding_right:15;padding_left:15&#8243;][tm_spacer size=\u00bblg:80&#8243;][tm_heading style=\u00bbhighlight\u00bb custom_google_font=\u00bb\u00bb text=\u00bbEstos equipos ya han vivido la experiencia. \u00a1T\u00fa puedes ser el siguiente!\u00bb font_size=\u00bbsm:36;md:42;lg:45&#8243; line_height=\u00bb1.25&#8243;][\/vc_column_inner][vc_column_inner width=\u00bb1\/6&#8243;][\/vc_column_inner][\/vc_row_inner][\/vc_column][\/vc_row][vc_row full_width=\u00bbstretch_row_content_no_spaces\u00bb background_color=\u00bbcustom\u00bb custom_background_color=\u00bb#eeeeee\u00bb][vc_column][tm_spacer size=\u00bblg:80&#8243;][vc_row_inner][vc_column_inner lg_spacing=\u00bbpadding_right:15;padding_left:15&#8243;][tm_slider_gallery shadow=\u00bbbig-shadow\u00bb image_size=\u00bbfull\u00bb nav=\u00bb03&#8243; pagination=\u00bb02&#8243; gutter=\u00bb40&#8243; images=\u00bb10774,10772,10770,10768,10766,10764,10762,10760,10758,10756,10754,12413,12415,12417,12419,12421,12423,12425,12427,12429,12431,12433,12435,12437,12439,12441,12443&#8243; items_display=\u00bbxs:1;sm:2;md:3;lg:4&#8243; auto_play=\u00bb3000&#8243;][\/vc_column_inner][\/vc_row_inner][tm_spacer size=\u00bblg:83&#8243;][\/vc_column][\/vc_row][vc_row full_width=\u00bbstretch_row_content\u00bb content_placement=\u00bbmiddle\u00bb height=\u00bbfull\u00bb lg_spacing=\u00bbpadding_top:90;padding_bottom:117&#8243; gutter=\u00bbxs:1&#8243;][vc_column width=\u00bb5\/6&#8243; offset=\u00bbvc_col-md-6&#8243;][vc_row_inner content_alignment=\u00bbright\u00bb sm_content_alignment=\u00bbcenter\u00bb max_width=\u00bb600px\u00bb lg_spacing=\u00bbpadding_right:80&#8243; md_spacing=\u00bbpadding_right:15&#8243; sm_spacing=\u00bbpadding_right:0&#8243;][vc_column_inner][tm_heading custom_google_font=\u00bb\u00bb text=\u00bbDe la boca de los participantes\u2026\u00bb font_size=\u00bbsm:36;md:42;lg:45&#8243; line_height=\u00bb1.25&#8243;][tm_spacer size=\u00bblg:83&#8243;][tm_testimonial style=\u00bbsimple-slider\u00bb el_class=\u00bbcomillas\u00bb number=\u00bb9&#8243; text_color=\u00bbcustom\u00bb custom_text_color=\u00bb#000000&#8243; name_color=\u00bbcustom\u00bb custom_name_color=\u00bb#000000&#8243; by_line_color=\u00bbcustom\u00bb custom_by_line_color=\u00bb#000000&#8243; auto_play=\u00bb5000&#8243; taxonomies=\u00bbtestimonial_category:zukzeuk-es\u00bb carousel_gutter=\u00bblg:30&#8243;][\/vc_column_inner][\/vc_row_inner][\/vc_column][vc_column width=\u00bb1\/12&#8243; offset=\u00bbvc_col-md-6&#8243;][tm_image full_wide=\u00bb1&#8243; image=\u00bb10489&#8243;][\/vc_column][\/vc_row][vc_row full_width=\u00bbstretch_row\u00bb background_color=\u00bbcustom\u00bb][vc_column][vc_row_inner][vc_column_inner lg_spacing=\u00bbpadding_right:15;padding_left:15&#8243;][tm_heading custom_google_font=\u00bb\u00bb text=\u00bbSe han sumado al concurso\u2026\u00bb font_size=\u00bbsm:36;md:42;lg:45&#8243; line_height=\u00bb1.25&#8243;][\/vc_column_inner][\/vc_row_inner][\/vc_column][\/vc_row][vc_row full_width=\u00bbstretch_row\u00bb disable_element=\u00bbyes\u00bb background_color=\u00bbcustom\u00bb][vc_column][vc_row_inner][vc_column_inner lg_spacing=\u00bbpadding_right:15;padding_left:15&#8243;][tm_client style=\u00bbgrid-no-border\u00bb gutter=\u00bb75&#8243; items=\u00bb%5B%7B%22image%22%3A%226097%22%2C%22link%22%3A%22url%3A%2523%7Ctitle%3AClient%2520Logo%252001%7C%7C%22%7D%2C%7B%22image%22%3A%226113%22%2C%22link%22%3A%22url%3A%2523%7Ctitle%3AClient%2520Logo%252006%7C%7C%22%7D%5D\u00bb columns=\u00bbxs:2;sm:2;md:2;lg:2&#8243;][tm_client gutter=\u00bb25&#8243; auto_play=\u00bb1000&#8243; items_display=\u00bbxs:2;sm:3;md:4;lg:5&#8243; items=\u00bb%5B%7B%22image%22%3A%2210397%22%2C%22link%22%3A%22Link%22%7D%2C%7B%22image%22%3A%226117%22%2C%22link%22%3A%22url%3A%2523%7Ctitle%3AClient%2520Logo%252006%7C%7C%22%7D%2C%7B%22image%22%3A%226111%22%2C%22link%22%3A%22url%3A%2523%7Ctitle%3AClient%2520Logo%252006%7C%7C%22%7D%2C%7B%22image%22%3A%226103%22%2C%22link%22%3A%22url%3A%2523%7Ctitle%3AClient%2520Logo%252006%7C%7C%22%7D%2C%7B%22image%22%3A%224301%22%2C%22link%22%3A%22url%3A%2523%7Ctitle%3AClient%2520Logo%252006%7C%7C%22%7D%2C%7B%22image%22%3A%224299%22%2C%22link%22%3A%22url%3A%2523%7Ctitle%3AClient%2520Logo%252006%7C%7C%22%7D%2C%7B%22image%22%3A%226121%22%2C%22link%22%3A%22url%3A%2523%7Ctitle%3AClient%2520Logo%252006%7C%7C%22%7D%2C%7B%22image%22%3A%226109%22%2C%22link%22%3A%22url%3A%2523%7Ctitle%3AClient%2520Logo%252004%7C%7C%22%7D%2C%7B%22image%22%3A%2210399%22%2C%22link%22%3A%22url%3A%2523%7Ctitle%3AClient%2520Logo%252006%7C%7C%22%7D%2C%7B%22image%22%3A%2210395%22%2C%22link%22%3A%22Link%22%7D%5D\u00bb][\/vc_column_inner][\/vc_row_inner][tm_spacer size=\u00bblg:100&#8243;][\/vc_column][\/vc_row][vc_row full_width=\u00bbstretch_row\u00bb background_color=\u00bbcustom\u00bb][vc_column][vc_row_inner][vc_column_inner lg_spacing=\u00bbpadding_right:15;padding_left:15&#8243;][tm_client style=\u00bbgrid-no-border\u00bb gutter=\u00bb75&#8243; items=\u00bb%5B%7B%22image%22%3A%2214160%22%2C%22link%22%3A%22url%3A%2523%7Ctitle%3AClient%2520Logo%252006%7C%7C%22%7D%2C%7B%22image%22%3A%2214158%22%2C%22link%22%3A%22url%3A%2523%7Ctitle%3AClient%2520Logo%252006%7C%7C%22%7D%2C%7B%22image%22%3A%2214156%22%2C%22link%22%3A%22url%3A%2523%7Ctitle%3AClient%2520Logo%252001%7C%7C%22%7D%5D\u00bb columns=\u00bbxs:2;sm:3;md:3;lg:3&#8243;][tm_client gutter=\u00bb25&#8243; auto_play=\u00bb1000&#8243; items_display=\u00bbxs:3;sm:4;md:4;lg:5&#8243; items=\u00bb%5B%7B%22image%22%3A%2210397%22%2C%22link%22%3A%22Link%22%7D%2C%7B%22image%22%3A%2214162%22%2C%22link%22%3A%22Link%22%7D%2C%7B%22image%22%3A%226117%22%2C%22link%22%3A%22url%3A%2523%7Ctitle%3AClient%2520Logo%252006%7C%7C%22%7D%2C%7B%22image%22%3A%226111%22%2C%22link%22%3A%22url%3A%2523%7Ctitle%3AClient%2520Logo%252006%7C%7C%22%7D%2C%7B%22image%22%3A%226103%22%2C%22link%22%3A%22url%3A%2523%7Ctitle%3AClient%2520Logo%252006%7C%7C%22%7D%2C%7B%22image%22%3A%224301%22%2C%22link%22%3A%22url%3A%2523%7Ctitle%3AClient%2520Logo%252006%7C%7C%22%7D%2C%7B%22image%22%3A%224299%22%2C%22link%22%3A%22url%3A%2523%7Ctitle%3AClient%2520Logo%252006%7C%7C%22%7D%2C%7B%22image%22%3A%226121%22%2C%22link%22%3A%22url%3A%2523%7Ctitle%3AClient%2520Logo%252006%7C%7C%22%7D%2C%7B%22image%22%3A%226109%22%2C%22link%22%3A%22url%3A%2523%7Ctitle%3AClient%2520Logo%252004%7C%7C%22%7D%2C%7B%22image%22%3A%2210399%22%2C%22link%22%3A%22url%3A%2523%7Ctitle%3AClient%2520Logo%252006%7C%7C%22%7D%2C%7B%22image%22%3A%2210395%22%2C%22link%22%3A%22Link%22%7D%2C%7B%22image%22%3A%2212166%22%2C%22link%22%3A%22Link%22%7D%2C%7B%22image%22%3A%2212170%22%2C%22link%22%3A%22Link%22%7D%2C%7B%22image%22%3A%2212172%22%2C%22link%22%3A%22Link%22%7D%2C%7B%22image%22%3A%2212174%22%2C%22link%22%3A%22Link%22%7D%2C%7B%22image%22%3A%2212176%22%2C%22link%22%3A%22Link%22%7D%2C%7B%22image%22%3A%2212178%22%2C%22link%22%3A%22Link%22%7D%2C%7B%22image%22%3A%2216367%22%2C%22link%22%3A%22Link%22%7D%5D\u00bb][\/vc_column_inner][\/vc_row_inner][tm_spacer size=\u00bblg:100&#8243;][\/vc_column][\/vc_row][vc_row full_width=\u00bbstretch_row_content_no_spaces\u00bb][vc_column][tm_slider_modern nav=\u00bbcustom\u00bb items_display=\u00bbxs:1;sm:2;md:2;lg:2&#8243; items=\u00bb%5B%7B%22background_image%22%3A%224672%22%2C%22title%22%3A%22M%C3%A1s%20info%22%2C%22button%22%3A%22url%3Ahttps%253A%252F%252Fwww.feelmw.com%252Fes%252Fzuk-zeuk-informacion-2023-2024%252F%7Ctitle%3AHaciendo%2520click%2520aqu%25C3%25AD%7Ctarget%3A%2520_blank%7C%22%7D%2C%7B%22background_image%22%3A%224674%22%2C%22title%22%3A%22Ap%C3%BAntate!!%22%2C%22button%22%3A%22url%3Ahttps%253A%252F%252Fwww.feelmw.com%252Fes%252Fzuk-zeuk-inscripcion-2023-2024%252F%7Ctitle%3A%25C2%25A1Vamos%2520a%2520por%2520todas!%7Ctarget%3A%2520_blank%7C%22%7D%5D\u00bb][\/vc_column][\/vc_row]<\/p>\n","protected":false},"author":1,"featured_media":0,"parent":0,"menu_order":0,"comment_status":"closed","ping_status":"closed","template":"","meta":{"_acf_changed":false,"footnotes":""},"class_list":["post-15804","page","type-page","status-publish","hentry","post-no-thumbnail"],"acf":[],"_links":{"self":[{"href":"https:\/\/feelmw.com\/es\/wp-json\/wp\/v2\/pages\/15804","targetHints":{"allow":["GET"]}}],"collection":[{"href":"https:\/\/feelmw.com\/es\/wp-json\/wp\/v2\/pages"}],"about":[{"href":"https:\/\/feelmw.com\/es\/wp-json\/wp\/v2\/types\/page"}],"author":[{"embeddable":true,"href":"https:\/\/feelmw.com\/es\/wp-json\/wp\/v2\/users\/1"}],"replies":[{"embeddable":true,"href":"https:\/\/feelmw.com\/es\/wp-json\/wp\/v2\/comments?post=15804"}],"version-history":[{"count":6,"href":"https:\/\/feelmw.com\/es\/wp-json\/wp\/v2\/pages\/15804\/revisions"}],"predecessor-version":[{"id":16523,"href":"https:\/\/feelmw.com\/es\/wp-json\/wp\/v2\/pages\/15804\/revisions\/16523"}],"wp:attachment":[{"href":"https:\/\/feelmw.com\/es\/wp-json\/wp\/v2\/media?parent=15804"}],"curies":[{"name":"wp","href":"https:\/\/api.w.org\/{rel}","templated":true}]}}