{"id":15485,"date":"2018-12-17T19:03:09","date_gmt":"2018-12-17T18:03:09","guid":{"rendered":"https:\/\/feelmw.com\/bases-del-concurso-zuk-zeuk-2021-2022\/"},"modified":"2023-10-25T15:09:50","modified_gmt":"2023-10-25T14:09:50","slug":"bases-del-concurso-zuk-zeuk-2023-2024","status":"publish","type":"page","link":"https:\/\/feelmw.com\/es\/zuk-zeuk-2023-2024\/bases-del-concurso-zuk-zeuk-2023-2024\/","title":{"rendered":"Bases del concurso &#8211; Zuk Zeuk 2023-2024"},"content":{"rendered":"<h1><\/h1>\n<h1 style=\"text-align: center;\">Bases del Concurso Zuk Zeuk<\/h1>\n<h1 style=\"text-align: center;\">2023 &#8211; 2024<\/h1>\n<h5 style=\"text-align: right;\"><strong>6\u00ba edici\u00f3n<\/strong><\/h5>\n<p><span style=\"font-weight: 400;\">En el Concurso Zuk Zeuk, participar\u00e1n estudiantes vascos de 3\u00ba E.S.O., 4\u00ba E.S.O y 1\u00ba BACH, en equipos de m\u00ednimamente 13 personas. El objetivo del mismo es trabajar los Objetivos de Desarrollo Sostenible (ODS) de una forma activa, y fomentar la participaci\u00f3n entre los\/las j\u00f3venes.<\/span><\/p>\n<p><span style=\"font-weight: 400;\">Cada equipo trabajar\u00e1 4 tem\u00e1ticas, que se basar\u00e1n en los Objetivos de Desarrollo Sostenible (ODS). Dichas tem\u00e1ticas estar\u00e1n respaldadas por entidades\/empresas vascas. El concurso ser\u00e1 online, mediante una plataforma, aunque la mayor\u00eda de las actividades ser\u00e1n para realizar de forma offline.<\/span><\/p>\n<p>Esta edici\u00f3n tendr\u00e1 2 fases:<\/p>\n<p><strong>1.\u00a0Liga (concurso): 22 enero &#8211; 3 marzo<br \/>\n<\/strong><\/p>\n<p><span style=\"font-weight: 400;\">Para trabajar las 4 tem\u00e1ticas relacionadas con los Objetivos de Desarrollo Sostenible, todos los\/las participantes del Concurso Zuk Zeuk tendr\u00e1n que realizar las actividades de la plataforma, entre las cuales podemos diferenciar los siguientes tipos (la descripci\u00f3n de cada una aparece en el <\/span><a href=\"https:\/\/feelmw.com\/wp-content\/uploads\/2023\/10\/Concurso-Zuk-Zeuk-pdf-informativo-comprimido.pdf\"><span style=\"font-weight: 400;\">pdf informativo<\/span><\/a><span style=\"font-weight: 400;\">):<\/span><\/p>\n<ul>\n<li>Curiosidades (para realizar en el centro escolar)<\/li>\n<li>De acci\u00f3n (para hacer en familia y en la cuadrilla)<\/li>\n<li>De solidaridad (para realizar en el pueblo\/ciudad)<\/li>\n<li>De inspiraci\u00f3n (sesiones online)<\/li>\n<\/ul>\n<p><span style=\"font-weight: 400;\">Para dar comienzo a la liga, habr\u00e1 un <\/span><b>periodo de prueba, del 8 al 19 de enero<\/b><span style=\"font-weight: 400;\">. Durante esa semana, el equipo tendr\u00e1 que hacer las siguientes 3 cosas para entender el funcionamiento del concurso:<\/span><\/p>\n<ol>\n<li>Ver los videos explicativos (obligatorio).<\/li>\n<li>Realizar un test, para comprobar que se entiende el funcionamiento (obligatorio).<\/li>\n<li>Participar en la videollamada con el dinamizador asignado al equipo (recomendable).<\/li>\n<\/ol>\n<p><strong>2. Celebraci\u00f3n (acampada): 29-30 de abril.<\/strong><\/p>\n<p><span style=\"font-weight: 400;\">El objetivo de esta celebraci\u00f3n ser\u00e1 conocer a los otros equipos y darle cierre al concurso de una manera l\u00fadica y divertida.<\/span><\/p>\n<h3><b>Participantes<\/b><\/h3>\n<p><span style=\"font-weight: 400;\">Es un concurso organizado para alumnos\/as de 3\u00ba E.S.O., 4\u00ba E.S.O. y 1\u00ba BACH. Cada equipo tiene que estar formado m\u00ednimamente por 13 personas, y puede tener un responsable o delegado\/a que les ayude:<\/span><\/p>\n<ul>\n<li>3 responsables \/ delegados:\n<ul>\n<li>2 estudiantes (obligatorio)<\/li>\n<li>1 adulto (profesor\/a, padre\/madre, voluntario\u2026)<\/li>\n<\/ul>\n<\/li>\n<li>11 alumnos\/as (obligatorio)<\/li>\n<\/ul>\n<p>Todo el programa est\u00e1 pensado para grupos de 13 personas, De todas formas, es posible que haya equipos de m\u00e1s o menos personas:<\/p>\n<ul>\n<li>SIENDO MENOS: s<span style=\"font-weight: 400;\">i para un grupo no es posible formar un grupo de 13 alumnos, se estudiar\u00e1 cada caso. En todo caso, si el grupo es de 9 alumnos o menos, no ser\u00e1 posible participar en el concurso. Tal y como aparece en la explicaci\u00f3n de los premios, en los equipos de menos de 13 personas, el premio se repartir\u00e1 proporcionalmente.<\/span><\/li>\n<li>SIENDO M\u00c1S: n<span style=\"font-weight: 400;\">o hay n\u00famero m\u00e1ximo de alumnos. En cualquier caso, aunque sean m\u00e1s, el premio no aumentar\u00e1 proporcionalmente.<\/span><\/li>\n<\/ul>\n<p><span style=\"font-weight: 400;\">IMPORTANTE: se tendr\u00e1 en cuenta el n\u00famero de participantes del grupo que se especifique en la inscripci\u00f3n. Si posteriormente se clasifica para ir a la acampada, se tendr\u00e1 en cuenta a estas personas (no se podr\u00e1 a\u00f1adir m\u00e1s personas).<\/span><\/p>\n<p><span style=\"font-weight: 400;\">En el caso de la celebraci\u00f3n, si alguno de los equipos que hayan obtenido el pase al mismo no puede acudir, siempre se dar\u00e1 la opci\u00f3n al siguiente grupo de los clasificados en la lista.<\/span><\/p>\n<p><span style=\"font-weight: 400;\">Hay que tener en cuenta que, de todos los equipos participantes en la Liga, podr\u00e1n asistir a la celebraci\u00f3n las primeras 140 personas. Por lo tanto, las plazas se cubrir\u00e1n en funci\u00f3n del n\u00famero de personas que est\u00e9n en los primeros grupos clasificados, y se cerrar\u00e1 el n\u00famero de grupos que participar\u00e1n en la celebraci\u00f3n al llegar a 140 personas. Por lo tanto, si en los 8 primeros grupos hay 15 participantes (8 grupos x 15 participantes = 120 participantes), en el 9\u00ba grupo podr\u00e1n participar 20 personas o menos. Puede ocurrir que no haya sitio para todo el grupo. Si este grupo decide no acudir, se dar\u00e1 la plaza al siguiente equipo.<\/span><\/p>\n<p><span style=\"font-weight: 400;\">Hay que tener en cuenta que hay centros que tienen muchos grupos. Y uno de los objetivos de la celebraci\u00f3n es dar cierre al concurso con diferentes grupos de diferentes escuelas. As\u00ed, si todos o muchos grupos de un mismo centro se han clasificado en los primeros puestos, no podr\u00e1n acudir todos, ya que de lo contrario esta acampada se convertir\u00eda en una salida privada. En estos casos, se podr\u00e1n clasificar un m\u00e1ximo de 3 grupos del mismo centro.<\/span><\/p>\n<p><span style=\"font-weight: 400;\">Se trata de una salida de dos d\u00edas que incluye autob\u00fas, alojamiento y comidas (cena del 1\u00ba d\u00eda, desayuno del 2\u00ba d\u00eda y comida del 2\u00ba d\u00eda). Adem\u00e1s del material para las actividades. Por otro lado, para acompa\u00f1ar a cada grupo, estar\u00e1 invitado un profesor\/a o persona responsable (estos no se contar\u00e1n dentro de las 140 personas).<\/span><\/p>\n<h3><b>Clasificaci\u00f3n y puntuaci\u00f3n<\/b><\/h3>\n<p><span style=\"font-weight: 400;\">En la plataforma de la Liga Zuk Zeuk habr\u00e1 48 actividades, de las cuales habr\u00e1 que realizar 12 como m\u00ednimo. La siguiente tabla muestra de cada tem\u00e1tica y tipo de actividad cu\u00e1ntas son obligatorias:<br \/>\n<\/span><\/p>\n<table style=\"width: 100%; height: 273px;\">\n<tbody>\n<tr style=\"height: 48px;\">\n<td style=\"text-align: center; width: 19.6949%; height: 48px;\"><\/td>\n<td style=\"text-align: center; width: 38.0013%; height: 48px;\"><b>Actividades que habr\u00e1 de cada una de las 4 tem\u00e1ticas<\/b><\/td>\n<td style=\"text-align: center; width: 42.4425%; height: 48px;\"><strong>Actividades obligatorias<\/strong><\/td>\n<\/tr>\n<tr style=\"height: 10px;\">\n<td style=\"width: 19.6949%; height: 10px;\"><b>\u00a0Curiosidades<\/b>\u00a0&#8211; Colegio<\/td>\n<td style=\"width: 38.0013%; height: 10px; text-align: center;\"><span style=\"font-weight: 400;\">3<\/span><\/td>\n<td style=\"width: 42.4425%; height: 10px; text-align: center;\"><span style=\"font-weight: 400;\">1<\/span><\/td>\n<\/tr>\n<tr style=\"height: 10px;\">\n<td style=\"width: 19.6949%; height: 10px;\"><b>\u00a0De acci\u00f3n<\/b><b>\u00a0<\/b>&#8211; Familia<\/td>\n<td style=\"width: 38.0013%; height: 10px; text-align: center;\">3<\/td>\n<td style=\"width: 42.4425%; height: 10px; text-align: center;\" rowspan=\"2\">1<\/td>\n<\/tr>\n<tr style=\"height: 22px;\">\n<td style=\"width: 19.6949%; height: 22px;\"><b>De acci\u00f3n <\/b>&#8211; Cuadrilla<\/td>\n<td style=\"width: 38.0013%; height: 22px; text-align: center;\">3<\/td>\n<\/tr>\n<tr style=\"height: 63px;\">\n<td style=\"width: 19.6949%; height: 63px;\"><b>De solidaridad\u00a0<\/b>&#8211; Pueblo \/ ciudad<\/td>\n<td style=\"width: 38.0013%; height: 63px; text-align: center;\">3<\/td>\n<td style=\"width: 42.4425%; height: 63px; text-align: center;\">1<\/td>\n<\/tr>\n<tr style=\"height: 10px;\">\n<td style=\"width: 19.6949%; height: 10px;\"><strong>TOTAL POR TEM\u00c1TICA<\/strong><\/td>\n<td style=\"width: 38.0013%; height: 10px; text-align: center;\"><strong>12<\/strong><\/td>\n<td style=\"width: 42.4425%; height: 10px; text-align: center;\"><strong>3<\/strong><\/td>\n<\/tr>\n<\/tbody>\n<\/table>\n<p><span style=\"font-weight: 400;\">Adem\u00e1s de estas actividades, habr\u00e1 actividades de inspiraci\u00f3n. Se har\u00e1 1 por semana, de lunes a jueves (los d\u00edas variar\u00e1n de semana a semana), por lo tanto, habr\u00e1 8 actividades de inspiraci\u00f3n en un principio. No hay m\u00ednimo de participaci\u00f3n en este tipo de actividades, y es posible que se a\u00f1adan m\u00e1s conforme vaya transcurriendo el concurso.<\/span><\/p>\n<p><span style=\"font-weight: 400;\">Para que una actividad sea dada por hecha\/v\u00e1lida, a continuaci\u00f3n se explican las evidencias que habr\u00e1 que subir a la plataforma. Si no se suben todos los entregables que se piden, la actividad no se considerar\u00e1 como hecha\/v\u00e1lida y no se contar\u00e1n los puntos.<\/span><\/p>\n<table style=\"width: 100%; height: 600px;\">\n<tbody>\n<tr style=\"height: 48px;\">\n<td style=\"text-align: center; width: 19.6949%; height: 48px;\">Actividad<\/td>\n<td style=\"text-align: center; width: 38.0013%; height: 48px;\"><strong>\u00bfQu\u00e9 hay que hacer para que la actividad se considere como v\u00e1lida?<\/strong><\/td>\n<td style=\"text-align: center; width: 42.4425%; height: 48px;\"><b>Puntos por cada actividad<\/b><\/td>\n<\/tr>\n<tr style=\"height: 10px;\">\n<td style=\"width: 19.6949%; height: 10px;\"><b> Curiosidades<span style=\"font-weight: 400;\"> \u2013 Colegio<\/span><\/b><\/td>\n<td style=\"width: 38.0013%; height: 10px; text-align: center;\"><span style=\"font-weight: 400;\">Todo el equipo lo tendr\u00e1 que realizar a la vez<\/span><\/td>\n<td style=\"width: 42.4425%; height: 10px; text-align: center;\"><span style=\"font-weight: 400;\">2 puntos<\/span><\/td>\n<\/tr>\n<tr style=\"height: 122px;\">\n<td style=\"width: 19.6949%; height: 122px;\"><b> De acci\u00f3n <\/b><span style=\"font-weight: 400;\">\u2013 Familia<\/span><\/td>\n<td style=\"width: 38.0013%; text-align: center; height: 244px;\" rowspan=\"2\"><span style=\"font-weight: 400;\">La tendr\u00e1n que realizar 3 personas del equipo, cada una con su familia y cuadrilla, y cada una subir su entregable (3 en total). En los casos de que las cuadrillas y las familias sean las mismas, la actividad se podr\u00e1 hacer con las mismas personas, pero cada alumno\/a subir\u00e1 su entregable (los entregables ser\u00e1n diferentes).<\/span><\/td>\n<td style=\"width: 42.4425%; height: 244px; text-align: center;\" rowspan=\"2\">1 punto<\/td>\n<\/tr>\n<tr style=\"height: 122px;\">\n<td style=\"width: 19.6949%; height: 122px;\"><b>De acci\u00f3n <\/b><span style=\"font-weight: 400;\">\u2013 Cuadrilla<\/span><\/td>\n<\/tr>\n<tr style=\"height: 88px;\">\n<td style=\"width: 19.6949%; height: 88px;\"><b>De solidaridad <\/b><span style=\"font-weight: 400;\">\u2013 Pueblo \/ ciudad<\/span><\/td>\n<td style=\"width: 38.0013%; text-align: center; height: 88px;\"><span style=\"font-weight: 400;\">La realizar\u00e1n 3 personas del equipo, y subir\u00e1n 1 entregable entre todos\/as.<\/span><\/td>\n<td style=\"width: 42.4425%; height: 88px; text-align: center;\">1 punto<\/td>\n<\/tr>\n<tr style=\"height: 210px;\">\n<td style=\"width: 19.6949%; height: 210px;\"><b>De inspiraci\u00f3n<\/b><\/td>\n<td style=\"width: 38.0013%; text-align: center; height: 210px;\"><span style=\"font-weight: 400;\">Como m\u00ednimo participar\u00e1 1 persona del equipo, y como mucho 2 personas. Despu\u00e9s de apuntarse a la actividad, ser\u00e1 obligatorio conectarse a la sesi\u00f3n. Una vez conectados a la sesi\u00f3n, se penalizar\u00e1 al equipo si se muestra un comportamiento inadecuado.<\/span><\/td>\n<td style=\"width: 42.4425%; text-align: center; height: 210px;\">5 puntos<\/td>\n<\/tr>\n<\/tbody>\n<\/table>\n<p><span style=\"font-weight: 400;\">Se ir\u00e1n sumando los puntos seg\u00fan se vayan dando por hechas\/v\u00e1lidas las actividades. La clasificaci\u00f3n de la plataforma se actualizar\u00e1 diariamente.<\/span><\/p>\n<p><span style=\"font-weight: 400;\">Hay que tener en cuenta que para poder participar en la liga, ser\u00e1 obligatorio realizar el periodo de prueba (ver los videos y responder el test m\u00ednimamente).\u00a0 Si un equipo no pudiera realizarlo, tambi\u00e9n podr\u00e1 realizarlo m\u00e1s adelante (aunque no podr\u00e1 participar en la videollamada con el dinamizador\/a), y posteriormente comenzar con la liga.<\/span><\/p>\n<h3><b>Premios<\/b><\/h3>\n<p><span style=\"font-weight: 400;\">Los equipos tendr\u00e1n la oportunidad de ganar descuentos (en funci\u00f3n de la puntuaci\u00f3n obtenida) para utilizarlos en viajes organizados por Feel My Way Kooperatiba. La \u00fanica condici\u00f3n para conseguir un premio es cumplir el m\u00ednimo que se establece para la liga.\u00a0<\/span><\/p>\n<p><span style=\"font-weight: 400;\">Los premios se repartir\u00e1n en funci\u00f3n de la clasificaci\u00f3n de la liga:<\/span><\/p>\n<ul>\n<li><span style=\"font-weight: 400;\">Puestos 1-10: cada equipo obtendr\u00e1 un descuento de 520\u20ac.<\/span><\/li>\n<li><span style=\"font-weight: 400;\">Puestos 11-20: cada equipo obtendr\u00e1 un descuento de 390\u20ac.<\/span><\/li>\n<li><span style=\"font-weight: 400;\">Puestos 21-45: cada equipo obtendr\u00e1 un descuento de 260\u20ac.<\/span><\/li>\n<\/ul>\n<p><span style=\"font-weight: 400;\">Los equipos a partir del puesto 31 no obtendr\u00e1n ning\u00fan premio.<\/span><\/p>\n<p><span style=\"font-weight: 400;\">Los premios se entregar\u00e1n en nombre de los grupos para que sus integrantes, puedan utilizar como descuento en el viaje. Por ejemplo, si de un centro se apuntan 3 equipos, y obtienen un puesto antes del puesto 30, este centro obtendr\u00e1 3 premios de la liga. Estos premios se entregar\u00e1n al finalizar la liga.<\/span><\/p>\n<p><b style=\"color: #222222;\">Condiciones de los premios de la liga y el evento final:<br \/>\n<\/b><\/p>\n<p><span style=\"font-weight: 400;\">Los premios se podr\u00e1n canjear en el momento que se contrate un viaje con Feel My Way Kooperatiba, a modo de descuento, y una vez utilizados, no se podr\u00e1n volver a usar. Los viajes deber\u00e1n tener m\u00e1s de un elemento (transporte y alojamiento, por ejemplo), y como m\u00ednimo deber\u00e1n ser de 2 noches. A partir de esos m\u00ednimos, los viajes ser\u00e1n totalmente personalizables, a petici\u00f3n del equipo.<\/span><\/p>\n<p><span style=\"font-weight: 400;\">Feel My Way Kooperatiba dar\u00e1 un c\u00f3digo de descuento a cada equipo (a modo de premio). Da igual cu\u00e1ndo y qui\u00e9n utilice el c\u00f3digo descuento, no tiene fecha de caducidad, la \u00fanica condici\u00f3n es que lo utilicen 13 personas como m\u00ednimo (tampoco se podr\u00e1 utilizar el premio parcialmente, y en el grupo de esas 13 personas no entran monitores\/as y\/o ayudantes). En los casos que haya menos de 13 personas, como ya se ha comentado antes, el premio se aplicar\u00e1 proporcionalmente.<\/span><\/p>\n<p><b><i>Ejemplo 1:<\/i><\/b><i><span style=\"font-weight: 400;\"> un equipo de 4\u00ba E.S.O. de 20 personas participa en el concurso pero ha decidido no hacer el viaje. Para aprovechar el descuento, deciden cederles el descuento a los de 3\u00ba E.S.O. de su colegio, ya que ellos s\u00ed que van a hacer un viaje.<\/span><\/i><\/p>\n<p><b><i>Ejemplo 2: <\/i><\/b><i><span style=\"font-weight: 400;\">un equipo de 13 personas participa en el concurso y consigue un premio de 520\u20ac. Al viaje solo van 10 personas, por lo tanto el premio se aplica proporcionalmente, es decir, tendr\u00e1n un descuento de 400\u20ac. Adem\u00e1s, como el premio no se puede utilizar parcialmente, el c\u00f3digo de descuento quedar\u00eda desactivado una vez hecho el viaje.<\/span><\/i><\/p>\n","protected":false},"excerpt":{"rendered":"<p>Bases del Concurso Zuk Zeuk 2023 &#8211; 2024 6\u00ba edici\u00f3n En el Concurso Zuk Zeuk, participar\u00e1n estudiantes vascos de 3\u00ba E.S.O., 4\u00ba E.S.O y 1\u00ba BACH, en equipos de m\u00ednimamente 13 personas. El objetivo del mismo es trabajar los Objetivos de Desarrollo Sostenible (ODS) de una forma activa, y fomentar la participaci\u00f3n entre los\/las j\u00f3venes. Cada equipo trabajar\u00e1 4 tem\u00e1ticas, que se basar\u00e1n en los Objetivos de Desarrollo Sostenible (ODS). Dichas tem\u00e1ticas estar\u00e1n respaldadas por entidades\/empresas vascas. El concurso ser\u00e1 online, mediante una plataforma, aunque la mayor\u00eda de las actividades ser\u00e1n para realizar de forma offline. Esta edici\u00f3n tendr\u00e1 2 fases: 1.\u00a0Liga (concurso): 22 enero &#8211; 3 marzo Para trabajar las 4 tem\u00e1ticas relacionadas con los Objetivos de Desarrollo Sostenible, todos los\/las participantes del Concurso Zuk Zeuk tendr\u00e1n que realizar las actividades de la plataforma, entre las cuales podemos diferenciar los siguientes tipos (la descripci\u00f3n de cada una aparece en el pdf informativo): Curiosidades (para realizar en el centro escolar) De acci\u00f3n (para hacer en familia y en la cuadrilla) De solidaridad (para realizar en el pueblo\/ciudad) De inspiraci\u00f3n (sesiones online) Para dar comienzo a la liga, habr\u00e1 un periodo de prueba, del 8 al 19 de enero. Durante esa semana, el equipo tendr\u00e1 que hacer las siguientes 3 cosas para entender el funcionamiento del concurso: Ver los videos explicativos (obligatorio). Realizar un test, para comprobar que se entiende el funcionamiento (obligatorio). Participar en la videollamada con el dinamizador asignado al equipo (recomendable). 2. Celebraci\u00f3n (acampada): 29-30 de abril. El objetivo de esta celebraci\u00f3n ser\u00e1 conocer a los otros equipos y darle cierre al concurso de una manera l\u00fadica y divertida. Participantes Es un concurso organizado para alumnos\/as de 3\u00ba E.S.O., 4\u00ba E.S.O. y 1\u00ba BACH. Cada equipo tiene que estar formado m\u00ednimamente por 13 personas, y puede tener un responsable o delegado\/a que les ayude: 3 responsables \/ delegados: 2 estudiantes (obligatorio) 1 adulto (profesor\/a, padre\/madre, voluntario\u2026) 11 alumnos\/as (obligatorio) Todo el programa est\u00e1 pensado para grupos de 13 personas, De todas formas, es posible que haya equipos de m\u00e1s o menos personas: SIENDO MENOS: si para un grupo no es posible formar un grupo de 13 alumnos, se estudiar\u00e1 cada caso. En todo caso, si el grupo es de 9 alumnos o menos, no ser\u00e1 posible participar en el concurso. Tal y como aparece en la explicaci\u00f3n de los premios, en los equipos de menos de 13 personas, el premio se repartir\u00e1 proporcionalmente. SIENDO M\u00c1S: no hay n\u00famero m\u00e1ximo de alumnos. En cualquier caso, aunque sean m\u00e1s, el premio no aumentar\u00e1 proporcionalmente. IMPORTANTE: se tendr\u00e1 en cuenta el n\u00famero de participantes del grupo que se especifique en la inscripci\u00f3n. Si posteriormente se clasifica para ir a la acampada, se tendr\u00e1 en cuenta a estas personas (no se podr\u00e1 a\u00f1adir m\u00e1s personas). En el caso de la celebraci\u00f3n, si alguno de los equipos que hayan obtenido el pase al mismo no puede acudir, siempre se dar\u00e1 la opci\u00f3n al siguiente grupo de los clasificados en la lista. Hay que tener en cuenta que, de todos los equipos participantes en la Liga, podr\u00e1n asistir a la celebraci\u00f3n las primeras 140 personas. Por lo tanto, las plazas se cubrir\u00e1n en funci\u00f3n del n\u00famero de personas que est\u00e9n en los primeros grupos clasificados, y se cerrar\u00e1 el n\u00famero de grupos que participar\u00e1n en la celebraci\u00f3n al llegar a 140 personas. Por lo tanto, si en los 8 primeros grupos hay 15 participantes (8 grupos x 15 participantes = 120 participantes), en el 9\u00ba grupo podr\u00e1n participar 20 personas o menos. Puede ocurrir que no haya sitio para todo el grupo. Si este grupo decide no acudir, se dar\u00e1 la plaza al siguiente equipo. Hay que tener en cuenta que hay centros que tienen muchos grupos. Y uno de los objetivos de la celebraci\u00f3n es dar cierre al concurso con diferentes grupos de diferentes escuelas. As\u00ed, si todos o muchos grupos de un mismo centro se han clasificado en los primeros puestos, no podr\u00e1n acudir todos, ya que de lo contrario esta acampada se convertir\u00eda en una salida privada. En estos casos, se podr\u00e1n clasificar un m\u00e1ximo de 3 grupos del mismo centro. Se trata de una salida de dos d\u00edas que incluye autob\u00fas, alojamiento y comidas (cena del 1\u00ba d\u00eda, desayuno del 2\u00ba d\u00eda y comida del 2\u00ba d\u00eda). Adem\u00e1s del material para las actividades. Por otro lado, para acompa\u00f1ar a cada grupo, estar\u00e1 invitado un profesor\/a o persona responsable (estos no se contar\u00e1n dentro de las 140 personas). Clasificaci\u00f3n y puntuaci\u00f3n En la plataforma de la Liga Zuk Zeuk habr\u00e1 48 actividades, de las cuales habr\u00e1 que realizar 12 como m\u00ednimo. La siguiente tabla muestra de cada tem\u00e1tica y tipo de actividad cu\u00e1ntas son obligatorias: Actividades que habr\u00e1 de cada una de las 4 tem\u00e1ticas Actividades obligatorias \u00a0Curiosidades\u00a0&#8211; Colegio 3 1 \u00a0De acci\u00f3n\u00a0&#8211; Familia 3 1 De acci\u00f3n &#8211; Cuadrilla 3 De solidaridad\u00a0&#8211; Pueblo \/ ciudad 3 1 TOTAL POR TEM\u00c1TICA 12 3 Adem\u00e1s de estas actividades, habr\u00e1 actividades de inspiraci\u00f3n. Se har\u00e1 1 por semana, de lunes a jueves (los d\u00edas variar\u00e1n de semana a semana), por lo tanto, habr\u00e1 8 actividades de inspiraci\u00f3n en un principio. No hay m\u00ednimo de participaci\u00f3n en este tipo de actividades, y es posible que se a\u00f1adan m\u00e1s conforme vaya transcurriendo el concurso. Para que una actividad sea dada por hecha\/v\u00e1lida, a continuaci\u00f3n se explican las evidencias que habr\u00e1 que subir a la plataforma. Si no se suben todos los entregables que se piden, la actividad no se considerar\u00e1 como hecha\/v\u00e1lida y no se contar\u00e1n los puntos. Actividad \u00bfQu\u00e9 hay que hacer para que la actividad se considere como v\u00e1lida? Puntos por cada actividad Curiosidades \u2013 Colegio Todo el equipo lo tendr\u00e1 que realizar a la vez 2 puntos De acci\u00f3n \u2013 Familia La tendr\u00e1n que realizar 3 personas del equipo, cada una con su familia y cuadrilla, y cada una subir su entregable (3 en total). En los casos de que las cuadrillas y las familias sean las mismas, la actividad se [&hellip;]<\/p>\n","protected":false},"author":1,"featured_media":0,"parent":15804,"menu_order":0,"comment_status":"closed","ping_status":"closed","template":"","meta":{"_acf_changed":false,"footnotes":""},"class_list":["post-15485","page","type-page","status-publish","hentry","post-no-thumbnail"],"acf":[],"_links":{"self":[{"href":"https:\/\/feelmw.com\/es\/wp-json\/wp\/v2\/pages\/15485","targetHints":{"allow":["GET"]}}],"collection":[{"href":"https:\/\/feelmw.com\/es\/wp-json\/wp\/v2\/pages"}],"about":[{"href":"https:\/\/feelmw.com\/es\/wp-json\/wp\/v2\/types\/page"}],"author":[{"embeddable":true,"href":"https:\/\/feelmw.com\/es\/wp-json\/wp\/v2\/users\/1"}],"replies":[{"embeddable":true,"href":"https:\/\/feelmw.com\/es\/wp-json\/wp\/v2\/comments?post=15485"}],"version-history":[{"count":5,"href":"https:\/\/feelmw.com\/es\/wp-json\/wp\/v2\/pages\/15485\/revisions"}],"predecessor-version":[{"id":16575,"href":"https:\/\/feelmw.com\/es\/wp-json\/wp\/v2\/pages\/15485\/revisions\/16575"}],"up":[{"embeddable":true,"href":"https:\/\/feelmw.com\/es\/wp-json\/wp\/v2\/pages\/15804"}],"wp:attachment":[{"href":"https:\/\/feelmw.com\/es\/wp-json\/wp\/v2\/media?parent=15485"}],"curies":[{"name":"wp","href":"https:\/\/api.w.org\/{rel}","templated":true}]}}